{"id":296,"date":"2025-10-07T13:43:18","date_gmt":"2025-10-07T11:43:18","guid":{"rendered":"https:\/\/aikidochatou.fr\/?page_id=296"},"modified":"2025-10-09T18:52:38","modified_gmt":"2025-10-09T16:52:38","slug":"pass","status":"publish","type":"page","link":"https:\/\/aikidochatou.fr\/index.php\/pass\/","title":{"rendered":"Pass +"},"content":{"rendered":"\n<p>Notre club est affili\u00e9 au programme Pass+ 92-78<\/p>\n\n\n\n<p>Ceci permet aux jeunes de la 6i\u00e8me \u00e0 leur 18 ans d&rsquo;obtenir une subvention d&rsquo;un montant de 60\u20ac \u00e0 80\u20ac par le d\u00e9partement (92 &amp; 78) pour leur activit\u00e9 sportive.<\/p>\n\n\n\n<p>Il leur suffit de s&rsquo;inscrire en suivant la d\u00e9marche expliqu\u00e9e via le lien ci-dessous  ( cliquer sur l&rsquo;image ) <\/p>\n\n\n\n<div class=\"wp-block-uagb-image uagb-block-a2a74b7b wp-block-uagb-image--layout-default wp-block-uagb-image--effect-static wp-block-uagb-image--align-none\"><figure class=\"wp-block-uagb-image__figure\"><a class=\"\" href=\"https:\/\/www.passplus.fr\/\" target=\"_blank\" rel=\"noreferrer noopener\"><img decoding=\"async\" srcset=\"https:\/\/aikidochatou.fr\/wp-content\/uploads\/2025\/10\/Pass1.jpeg ,https:\/\/aikidochatou.fr\/wp-content\/uploads\/2025\/10\/Pass1.jpeg 780w, https:\/\/aikidochatou.fr\/wp-content\/uploads\/2025\/10\/Pass1.jpeg 360w\" sizes=\"auto, (max-width: 480px) 150px\" src=\"https:\/\/aikidochatou.fr\/wp-content\/uploads\/2025\/10\/Pass1.jpeg\" alt=\"\" class=\"uag-image-319\" width=\"617\" height=\"871\" title=\"Pass+1\" loading=\"lazy\" role=\"img\"\/><\/a><\/figure><\/div>\n\n\n\n<p><\/p>\n","protected":false},"excerpt":{"rendered":"<p>Notre club est affili\u00e9 au programme Pass+ 92-78 Ceci permet aux jeunes de la 6i\u00e8me \u00e0 leur 18 ans d&rsquo;obtenir une subvention d&rsquo;un montant de 60\u20ac \u00e0 80\u20ac par le d\u00e9partement (92 &amp; 78) pour leur activit\u00e9 sportive. Il leur suffit de s&rsquo;inscrire en suivant la d\u00e9marche expliqu\u00e9e via le lien ci-dessous ( cliquer sur [&hellip;]<\/p>\n","protected":false},"author":1,"featured_media":0,"parent":0,"menu_order":0,"comment_status":"closed","ping_status":"closed","template":"","meta":{"_uag_custom_page_level_css":"","site-sidebar-layout":"default","site-content-layout":"","ast-site-content-layout":"default","site-content-style":"default","site-sidebar-style":"default","ast-global-header-display":"","ast-banner-title-visibility":"","ast-main-header-display":"","ast-hfb-above-header-display":"","ast-hfb-below-header-display":"","ast-hfb-mobile-header-display":"","site-post-title":"","ast-breadcrumbs-content":"","ast-featured-img":"","footer-sml-layout":"","theme-transparent-header-meta":"","adv-header-id-meta":"","stick-header-meta":"","header-above-stick-meta":"","header-main-stick-meta":"","header-below-stick-meta":"","astra-migrate-meta-layouts":"default","ast-page-background-enabled":"default","ast-page-background-meta":{"desktop":{"background-color":"var(--ast-global-color-5)","background-image":"","background-repeat":"repeat","background-position":"center center","background-size":"auto","background-attachment":"scroll","background-type":"","background-media":"","overlay-type":"","overlay-color":"","overlay-opacity":"","overlay-gradient":""},"tablet":{"background-color":"","background-image":"","background-repeat":"repeat","background-position":"center center","background-size":"auto","background-attachment":"scroll","background-type":"","background-media":"","overlay-type":"","overlay-color":"","overlay-opacity":"","overlay-gradient":""},"mobile":{"background-color":"","background-image":"","background-repeat":"repeat","background-position":"center center","background-size":"auto","background-attachment":"scroll","background-type":"","background-media":"","overlay-type":"","overlay-color":"","overlay-opacity":"","overlay-gradient":""}},"ast-content-background-meta":{"desktop":{"background-color":"var(--ast-global-color-4)","background-image":"","background-repeat":"repeat","background-position":"center center","background-size":"auto","background-attachment":"scroll","background-type":"","background-media":"","overlay-type":"","overlay-color":"","overlay-opacity":"","overlay-gradient":""},"tablet":{"background-color":"var(--ast-global-color-4)","background-image":"","background-repeat":"repeat","background-position":"center center","background-size":"auto","background-attachment":"scroll","background-type":"","background-media":"","overlay-type":"","overlay-color":"","overlay-opacity":"","overlay-gradient":""},"mobile":{"background-color":"var(--ast-global-color-4)","background-image":"","background-repeat":"repeat","background-position":"center center","background-size":"auto","background-attachment":"scroll","background-type":"","background-media":"","overlay-type":"","overlay-color":"","overlay-opacity":"","overlay-gradient":""}},"footnotes":""},"class_list":["post-296","page","type-page","status-publish","hentry"],"uagb_featured_image_src":{"full":false,"thumbnail":false,"medium":false,"medium_large":false,"large":false,"1536x1536":false,"2048x2048":false},"uagb_author_info":{"display_name":"Admin Aikikai Chatou","author_link":"https:\/\/aikidochatou.fr\/index.php\/author\/admin1214\/"},"uagb_comment_info":0,"uagb_excerpt":"Notre club est affili\u00e9 au programme Pass+ 92-78 Ceci permet aux jeunes de la 6i\u00e8me \u00e0 leur 18 ans d&rsquo;obtenir une subvention d&rsquo;un montant de 60\u20ac \u00e0 80\u20ac par le d\u00e9partement (92 &amp; 78) pour leur activit\u00e9 sportive. Il leur suffit de s&rsquo;inscrire en suivant la d\u00e9marche expliqu\u00e9e via le lien ci-dessous ( cliquer sur\u2026","_links":{"self":[{"href":"https:\/\/aikidochatou.fr\/index.php\/wp-json\/wp\/v2\/pages\/296","targetHints":{"allow":["GET"]}}],"collection":[{"href":"https:\/\/aikidochatou.fr\/index.php\/wp-json\/wp\/v2\/pages"}],"about":[{"href":"https:\/\/aikidochatou.fr\/index.php\/wp-json\/wp\/v2\/types\/page"}],"author":[{"embeddable":true,"href":"https:\/\/aikidochatou.fr\/index.php\/wp-json\/wp\/v2\/users\/1"}],"replies":[{"embeddable":true,"href":"https:\/\/aikidochatou.fr\/index.php\/wp-json\/wp\/v2\/comments?post=296"}],"version-history":[{"count":3,"href":"https:\/\/aikidochatou.fr\/index.php\/wp-json\/wp\/v2\/pages\/296\/revisions"}],"predecessor-version":[{"id":322,"href":"https:\/\/aikidochatou.fr\/index.php\/wp-json\/wp\/v2\/pages\/296\/revisions\/322"}],"wp:attachment":[{"href":"https:\/\/aikidochatou.fr\/index.php\/wp-json\/wp\/v2\/media?parent=296"}],"curies":[{"name":"wp","href":"https:\/\/api.w.org\/{rel}","templated":true}]}}