{"id":299,"date":"2025-10-07T13:46:47","date_gmt":"2025-10-07T11:46:47","guid":{"rendered":"https:\/\/aikidochatou.fr\/?page_id=299"},"modified":"2025-10-09T18:47:10","modified_gmt":"2025-10-09T16:47:10","slug":"engagement-republicain","status":"publish","type":"page","link":"https:\/\/aikidochatou.fr\/index.php\/engagement-republicain\/","title":{"rendered":"Engagement r\u00e9publicain"},"content":{"rendered":"\n<p>La loi du 24 ao\u00fbt 2021 confortant le respect des principes de la R\u00e9publique a pos\u00e9 l\u2019obligation pour les associations et les fondations de souscrire un contrat d\u2019engagement r\u00e9publicain pour pouvoir recevoir des subventions, obtenir une reconnaissance d\u2019utilit\u00e9 publique.<\/p>\n\n\n\n<p>Le d\u00e9cret n\u00b0 2021-1947 du 31 d\u00e9cembre 2021, approuvant le contrat d\u2019engagement r\u00e9publicain des associations et fondations b\u00e9n\u00e9ficiant de subventions publiques ou d\u2019un agr\u00e9ment de l\u2019\u00e9tat est entr\u00e9 en vigueur le 1er janvier 2022.<\/p>\n\n\n\n<p>Le contrat d\u2019engagement r\u00e9publicain comprend sept engagements, qui visent d\u2019une part \u00e0 faire respecter les principes de libert\u00e9, \u00e9galit\u00e9 et fraternit\u00e9 mais \u00e9galement de dignit\u00e9 humaine ainsi que les symboles de la R\u00e9publique et d\u2019autre part \u00e0 ne pas remettre en cause le caract\u00e8re la\u00efque de la R\u00e9publique et \u00e0 s\u2019abstenir de toute action portant atteinte \u00e0 l\u2019ordre public.<\/p>\n\n\n\n<div class=\"wp-block-uagb-image uagb-block-dd620eed wp-block-uagb-image--layout-default wp-block-uagb-image--effect-static wp-block-uagb-image--align-none\"><figure class=\"wp-block-uagb-image__figure\"><img decoding=\"async\" srcset=\"https:\/\/aikidochatou.fr\/wp-content\/uploads\/2025\/10\/Contrat-Engagement-Aikikai-de-Chatou-1.jpg ,https:\/\/aikidochatou.fr\/wp-content\/uploads\/2025\/10\/Contrat-Engagement-Aikikai-de-Chatou-1.jpg 780w, https:\/\/aikidochatou.fr\/wp-content\/uploads\/2025\/10\/Contrat-Engagement-Aikikai-de-Chatou-1.jpg 360w\" sizes=\"auto, (max-width: 480px) 150px\" src=\"https:\/\/aikidochatou.fr\/wp-content\/uploads\/2025\/10\/Contrat-Engagement-Aikikai-de-Chatou-1.jpg\" alt=\"\" class=\"uag-image-314\" width=\"459\" height=\"705\" title=\"Contrat Engagement A\u00efkika\u00ef de Chatou 1\" loading=\"lazy\" role=\"img\"\/><\/figure><\/div>\n\n\n\n<p>&#8212;<\/p>\n\n\n\n<div class=\"wp-block-uagb-image uagb-block-49bc19b3 wp-block-uagb-image--layout-default wp-block-uagb-image--effect-static wp-block-uagb-image--align-none\"><figure class=\"wp-block-uagb-image__figure\"><img decoding=\"async\" srcset=\"https:\/\/aikidochatou.fr\/wp-content\/uploads\/2025\/10\/Contrat-Engagement-Aikikai-de-Chatou-2.jpg ,https:\/\/aikidochatou.fr\/wp-content\/uploads\/2025\/10\/Contrat-Engagement-Aikikai-de-Chatou-2.jpg 780w, https:\/\/aikidochatou.fr\/wp-content\/uploads\/2025\/10\/Contrat-Engagement-Aikikai-de-Chatou-2.jpg 360w\" sizes=\"auto, (max-width: 480px) 150px\" src=\"https:\/\/aikidochatou.fr\/wp-content\/uploads\/2025\/10\/Contrat-Engagement-Aikikai-de-Chatou-2.jpg\" alt=\"\" class=\"uag-image-315\" width=\"455\" height=\"702\" title=\"Contrat Engagement A\u00efkika\u00ef de Chatou 2\" loading=\"lazy\" role=\"img\"\/><\/figure><\/div>\n","protected":false},"excerpt":{"rendered":"<p>La loi du 24 ao\u00fbt 2021 confortant le respect des principes de la R\u00e9publique a pos\u00e9 l\u2019obligation pour les associations et les fondations de souscrire un contrat d\u2019engagement r\u00e9publicain pour pouvoir recevoir des subventions, obtenir une reconnaissance d\u2019utilit\u00e9 publique. Le d\u00e9cret n\u00b0 2021-1947 du 31 d\u00e9cembre 2021, approuvant le contrat d\u2019engagement r\u00e9publicain des associations et [&hellip;]<\/p>\n","protected":false},"author":1,"featured_media":0,"parent":0,"menu_order":0,"comment_status":"closed","ping_status":"closed","template":"","meta":{"_uag_custom_page_level_css":"","site-sidebar-layout":"default","site-content-layout":"","ast-site-content-layout":"default","site-content-style":"default","site-sidebar-style":"default","ast-global-header-display":"","ast-banner-title-visibility":"","ast-main-header-display":"","ast-hfb-above-header-display":"","ast-hfb-below-header-display":"","ast-hfb-mobile-header-display":"","site-post-title":"","ast-breadcrumbs-content":"","ast-featured-img":"","footer-sml-layout":"","theme-transparent-header-meta":"","adv-header-id-meta":"","stick-header-meta":"","header-above-stick-meta":"","header-main-stick-meta":"","header-below-stick-meta":"","astra-migrate-meta-layouts":"default","ast-page-background-enabled":"default","ast-page-background-meta":{"desktop":{"background-color":"var(--ast-global-color-5)","background-image":"","background-repeat":"repeat","background-position":"center center","background-size":"auto","background-attachment":"scroll","background-type":"","background-media":"","overlay-type":"","overlay-color":"","overlay-opacity":"","overlay-gradient":""},"tablet":{"background-color":"","background-image":"","background-repeat":"repeat","background-position":"center center","background-size":"auto","background-attachment":"scroll","background-type":"","background-media":"","overlay-type":"","overlay-color":"","overlay-opacity":"","overlay-gradient":""},"mobile":{"background-color":"","background-image":"","background-repeat":"repeat","background-position":"center center","background-size":"auto","background-attachment":"scroll","background-type":"","background-media":"","overlay-type":"","overlay-color":"","overlay-opacity":"","overlay-gradient":""}},"ast-content-background-meta":{"desktop":{"background-color":"var(--ast-global-color-4)","background-image":"","background-repeat":"repeat","background-position":"center center","background-size":"auto","background-attachment":"scroll","background-type":"","background-media":"","overlay-type":"","overlay-color":"","overlay-opacity":"","overlay-gradient":""},"tablet":{"background-color":"var(--ast-global-color-4)","background-image":"","background-repeat":"repeat","background-position":"center center","background-size":"auto","background-attachment":"scroll","background-type":"","background-media":"","overlay-type":"","overlay-color":"","overlay-opacity":"","overlay-gradient":""},"mobile":{"background-color":"var(--ast-global-color-4)","background-image":"","background-repeat":"repeat","background-position":"center center","background-size":"auto","background-attachment":"scroll","background-type":"","background-media":"","overlay-type":"","overlay-color":"","overlay-opacity":"","overlay-gradient":""}},"footnotes":""},"class_list":["post-299","page","type-page","status-publish","hentry"],"uagb_featured_image_src":{"full":false,"thumbnail":false,"medium":false,"medium_large":false,"large":false,"1536x1536":false,"2048x2048":false},"uagb_author_info":{"display_name":"Admin Aikikai Chatou","author_link":"https:\/\/aikidochatou.fr\/index.php\/author\/admin1214\/"},"uagb_comment_info":0,"uagb_excerpt":"La loi du 24 ao\u00fbt 2021 confortant le respect des principes de la R\u00e9publique a pos\u00e9 l\u2019obligation pour les associations et les fondations de souscrire un contrat d\u2019engagement r\u00e9publicain pour pouvoir recevoir des subventions, obtenir une reconnaissance d\u2019utilit\u00e9 publique. Le d\u00e9cret n\u00b0 2021-1947 du 31 d\u00e9cembre 2021, approuvant le contrat d\u2019engagement r\u00e9publicain des associations et\u2026","_links":{"self":[{"href":"https:\/\/aikidochatou.fr\/index.php\/wp-json\/wp\/v2\/pages\/299","targetHints":{"allow":["GET"]}}],"collection":[{"href":"https:\/\/aikidochatou.fr\/index.php\/wp-json\/wp\/v2\/pages"}],"about":[{"href":"https:\/\/aikidochatou.fr\/index.php\/wp-json\/wp\/v2\/types\/page"}],"author":[{"embeddable":true,"href":"https:\/\/aikidochatou.fr\/index.php\/wp-json\/wp\/v2\/users\/1"}],"replies":[{"embeddable":true,"href":"https:\/\/aikidochatou.fr\/index.php\/wp-json\/wp\/v2\/comments?post=299"}],"version-history":[{"count":4,"href":"https:\/\/aikidochatou.fr\/index.php\/wp-json\/wp\/v2\/pages\/299\/revisions"}],"predecessor-version":[{"id":317,"href":"https:\/\/aikidochatou.fr\/index.php\/wp-json\/wp\/v2\/pages\/299\/revisions\/317"}],"wp:attachment":[{"href":"https:\/\/aikidochatou.fr\/index.php\/wp-json\/wp\/v2\/media?parent=299"}],"curies":[{"name":"wp","href":"https:\/\/api.w.org\/{rel}","templated":true}]}}