{"id":3,"date":"2025-04-09T17:09:34","date_gmt":"2025-04-09T15:09:34","guid":{"rendered":"http:\/\/aikidochatou.fr\/?page_id=3"},"modified":"2025-10-07T13:39:46","modified_gmt":"2025-10-07T11:39:46","slug":"politique-de-confidentialite","status":"publish","type":"page","link":"https:\/\/aikidochatou.fr\/index.php\/politique-de-confidentialite\/","title":{"rendered":"Politique de confidentialit\u00e9"},"content":{"rendered":"\n<h2 class=\"wp-block-heading\">Informations l\u00e9gales <\/h2>\n\n\n\n<p><strong>Si\u00e8ge social : <\/strong>Association A\u00efkika\u00ef de Chatou&nbsp;Complexe sportif Marie Marvingt 78400 CHATOU <\/p>\n\n\n\n<p>Association d\u00e9clar\u00e9e conforme \u00e0 l&rsquo;exploitation d&rsquo;un \u00e9tablissement&nbsp;d&rsquo;Activit\u00e9s Physiques et Sportives (DDCS \/ Pr\u00e9fecture des Yvelines)<\/p>\n\n\n\n<p>Club affili\u00e9 \u00e0 la F\u00e9d\u00e9ration Fran\u00e7aise d\u2019A\u00efkido et de Budo (FFAB),&nbsp;f\u00e9d\u00e9ration agr\u00e9e par le Minist\u00e8re des Sports.<\/p>\n\n\n\n<p><strong>Association Loi 1901.&nbsp;N\u00b0 de l\u2019association : W783001411.&nbsp;<\/strong><\/p>\n\n\n\n<p>N\u00b0SIRET : 32 706 17 2700 43.<\/p>\n\n\n\n<p><strong>Pr\u00e9sident de l\u2019association&nbsp;:<\/strong>&nbsp;M. Mathieu LAPORTE<\/p>\n\n\n\n<h3 class=\"wp-block-heading\">Contact <\/h3>\n\n\n\n<p> envoyer un e-mail \u00e0 aikidochatou@gmail.com ou via le formulaire de contact<\/p>\n\n\n\n<h2 class=\"wp-block-heading\">Les enseignants <\/h2>\n\n\n\n<p><strong>Thierry LE RUN    <\/strong>   &#8211; Certification de Qualification Professionnelle &#8211; 5\u00e8me DAN AIKIKAI<br><strong>Arnaud FULGENCE  <\/strong>&#8211; Certification de Qualification Professionnelle &#8211; 5\u00e8me DAN CSDGE<br><strong>Sandrine CAZEAU <\/strong>  &#8211; Brevet F\u00e9d\u00e9ral &#8211; 3eme DAN CSDGE<\/p>\n\n\n\n<h2 class=\"wp-block-heading\"><strong>Les droits des personnes sur leurs donn\u00e9es<\/strong><\/h2>\n\n\n\n<p>Si vous d\u00e9posez un commentaire sur notre site, il vous sera propos\u00e9 d\u2019enregistrer votre nom, adresse e-mail et site dans des cookies. C\u2019est uniquement pour votre confort afin de ne pas avoir \u00e0 saisir ces informations si vous d\u00e9posez un autre commentaire plus tard. Ces cookies expirent au bout d\u2019un an.<\/p>\n\n\n\n<p>Si vous vous rendez sur la page de connexion, un cookie temporaire sera cr\u00e9\u00e9 afin de d\u00e9terminer si votre navigateur accepte les cookies. Il ne contient pas de donn\u00e9es personnelles et sera supprim\u00e9 automatiquement \u00e0 la fermeture de votre navigateur.<\/p>\n\n\n\n<p>Lorsque vous vous connecterez, nous mettrons en place un certain nombre de cookies pour enregistrer vos informations de connexion et vos pr\u00e9f\u00e9rences d\u2019\u00e9cran. La dur\u00e9e de vie d\u2019un cookie de connexion est de deux jours, celle d\u2019un cookie d\u2019option d\u2019\u00e9cran est d\u2019un an. Si vous cochez \u00ab&nbsp;Se souvenir de moi&nbsp;\u00bb, votre cookie de connexion sera conserv\u00e9 pendant deux semaines. Si vous vous d\u00e9connectez de votre compte, le cookie de connexion sera effac\u00e9.<\/p>\n\n\n\n<p>En modifiant ou en publiant une publication, un cookie suppl\u00e9mentaire sera enregistr\u00e9 dans votre navigateur. Ce cookie ne comprend aucune donn\u00e9e personnelle. Il indique simplement l\u2019ID de la publication que vous venez de modifier. Il expire au bout d\u2019un jour.<\/p>\n\n\n\n<h2 class=\"wp-block-heading\">Contenu embarqu\u00e9 depuis d\u2019autres sites<\/h2>\n\n\n\n<p>Les articles de ce site peuvent inclure des contenus int\u00e9gr\u00e9s (par exemple des vid\u00e9os, images, articles\u2026). Le contenu int\u00e9gr\u00e9 depuis d\u2019autres sites se comporte de la m\u00eame mani\u00e8re que si le visiteur se rendait sur cet autre site.<\/p>\n\n\n\n<p>Ces sites web pourraient collecter des donn\u00e9es sur vous, utiliser des cookies, embarquer des outils de suivis tiers, suivre vos interactions avec ces contenus embarqu\u00e9s si vous disposez d\u2019un compte connect\u00e9 sur leur site web.<\/p>\n\n\n\n<h2 class=\"wp-block-heading\">Utilisation et transmission de vos donn\u00e9es personnelles<\/h2>\n\n\n\n<p>Si vous demandez une r\u00e9initialisation de votre mot de passe, votre adresse IP sera incluse dans l\u2019e-mail de r\u00e9initialisation.<\/p>\n\n\n\n<h2 class=\"wp-block-heading\">Dur\u00e9es de stockage de vos donn\u00e9es<\/h2>\n\n\n\n<p>Si vous laissez un commentaire, le commentaire et ses m\u00e9tadonn\u00e9es sont conserv\u00e9s ind\u00e9finiment. Cela permet de reconna\u00eetre et approuver automatiquement les commentaires suivants au lieu de les laisser dans la file de mod\u00e9ration.<\/p>\n\n\n\n<h2 class=\"wp-block-heading\">Les droits que vous avez sur vos donn\u00e9es<\/h2>\n\n\n\n<p><strong class=\"privacy-policy-tutorial\"> <\/strong>Si vous avez un compte ou si vous avez laiss\u00e9 des commentaires sur le site, vous pouvez demander \u00e0 recevoir un fichier contenant toutes les donn\u00e9es personnelles que nous poss\u00e9dons \u00e0 votre sujet, incluant celles que vous nous avez fournies. Vous pouvez \u00e9galement demander la suppression des donn\u00e9es personnelles vous concernant. Cela ne prend pas en compte les donn\u00e9es stock\u00e9es \u00e0 des fins administratives, l\u00e9gales ou pour des raisons de s\u00e9curit\u00e9.<\/p>\n\n\n\n<h2 class=\"wp-block-heading\">Transmission de vos donn\u00e9es personnelles<\/h2>\n\n\n\n<p>Conforme aux normes en vigueur <\/p>\n\n\n\n<p><\/p>\n","protected":false},"excerpt":{"rendered":"<p>Informations l\u00e9gales Si\u00e8ge social : Association A\u00efkika\u00ef de Chatou&nbsp;Complexe sportif Marie Marvingt 78400 CHATOU Association d\u00e9clar\u00e9e conforme \u00e0 l&rsquo;exploitation d&rsquo;un \u00e9tablissement&nbsp;d&rsquo;Activit\u00e9s Physiques et Sportives (DDCS \/ Pr\u00e9fecture des Yvelines) Club affili\u00e9 \u00e0 la F\u00e9d\u00e9ration Fran\u00e7aise d\u2019A\u00efkido et de Budo (FFAB),&nbsp;f\u00e9d\u00e9ration agr\u00e9e par le Minist\u00e8re des Sports. Association Loi 1901.&nbsp;N\u00b0 de l\u2019association : W783001411.&nbsp; N\u00b0SIRET : [&hellip;]<\/p>\n","protected":false},"author":1,"featured_media":0,"parent":0,"menu_order":0,"comment_status":"closed","ping_status":"open","template":"","meta":{"_uag_custom_page_level_css":"","site-sidebar-layout":"default","site-content-layout":"","ast-site-content-layout":"default","site-content-style":"default","site-sidebar-style":"default","ast-global-header-display":"","ast-banner-title-visibility":"","ast-main-header-display":"","ast-hfb-above-header-display":"","ast-hfb-below-header-display":"","ast-hfb-mobile-header-display":"","site-post-title":"","ast-breadcrumbs-content":"","ast-featured-img":"","footer-sml-layout":"","theme-transparent-header-meta":"","adv-header-id-meta":"","stick-header-meta":"","header-above-stick-meta":"","header-main-stick-meta":"","header-below-stick-meta":"","astra-migrate-meta-layouts":"default","ast-page-background-enabled":"default","ast-page-background-meta":{"desktop":{"background-color":"var(--ast-global-color-5)","background-image":"","background-repeat":"repeat","background-position":"center center","background-size":"auto","background-attachment":"scroll","background-type":"","background-media":"","overlay-type":"","overlay-color":"","overlay-opacity":"","overlay-gradient":""},"tablet":{"background-color":"","background-image":"","background-repeat":"repeat","background-position":"center center","background-size":"auto","background-attachment":"scroll","background-type":"","background-media":"","overlay-type":"","overlay-color":"","overlay-opacity":"","overlay-gradient":""},"mobile":{"background-color":"","background-image":"","background-repeat":"repeat","background-position":"center center","background-size":"auto","background-attachment":"scroll","background-type":"","background-media":"","overlay-type":"","overlay-color":"","overlay-opacity":"","overlay-gradient":""}},"ast-content-background-meta":{"desktop":{"background-color":"var(--ast-global-color-4)","background-image":"","background-repeat":"repeat","background-position":"center center","background-size":"auto","background-attachment":"scroll","background-type":"","background-media":"","overlay-type":"","overlay-color":"","overlay-opacity":"","overlay-gradient":""},"tablet":{"background-color":"var(--ast-global-color-4)","background-image":"","background-repeat":"repeat","background-position":"center center","background-size":"auto","background-attachment":"scroll","background-type":"","background-media":"","overlay-type":"","overlay-color":"","overlay-opacity":"","overlay-gradient":""},"mobile":{"background-color":"var(--ast-global-color-4)","background-image":"","background-repeat":"repeat","background-position":"center center","background-size":"auto","background-attachment":"scroll","background-type":"","background-media":"","overlay-type":"","overlay-color":"","overlay-opacity":"","overlay-gradient":""}},"footnotes":""},"class_list":["post-3","page","type-page","status-publish","hentry"],"uagb_featured_image_src":{"full":false,"thumbnail":false,"medium":false,"medium_large":false,"large":false,"1536x1536":false,"2048x2048":false},"uagb_author_info":{"display_name":"Admin Aikikai Chatou","author_link":"https:\/\/aikidochatou.fr\/index.php\/author\/admin1214\/"},"uagb_comment_info":0,"uagb_excerpt":"Informations l\u00e9gales Si\u00e8ge social : Association A\u00efkika\u00ef de Chatou&nbsp;Complexe sportif Marie Marvingt 78400 CHATOU Association d\u00e9clar\u00e9e conforme \u00e0 l&rsquo;exploitation d&rsquo;un \u00e9tablissement&nbsp;d&rsquo;Activit\u00e9s Physiques et Sportives (DDCS \/ Pr\u00e9fecture des Yvelines) Club affili\u00e9 \u00e0 la F\u00e9d\u00e9ration Fran\u00e7aise d\u2019A\u00efkido et de Budo (FFAB),&nbsp;f\u00e9d\u00e9ration agr\u00e9e par le Minist\u00e8re des Sports. Association Loi 1901.&nbsp;N\u00b0 de l\u2019association : W783001411.&nbsp; N\u00b0SIRET :\u2026","_links":{"self":[{"href":"https:\/\/aikidochatou.fr\/index.php\/wp-json\/wp\/v2\/pages\/3","targetHints":{"allow":["GET"]}}],"collection":[{"href":"https:\/\/aikidochatou.fr\/index.php\/wp-json\/wp\/v2\/pages"}],"about":[{"href":"https:\/\/aikidochatou.fr\/index.php\/wp-json\/wp\/v2\/types\/page"}],"author":[{"embeddable":true,"href":"https:\/\/aikidochatou.fr\/index.php\/wp-json\/wp\/v2\/users\/1"}],"replies":[{"embeddable":true,"href":"https:\/\/aikidochatou.fr\/index.php\/wp-json\/wp\/v2\/comments?post=3"}],"version-history":[{"count":3,"href":"https:\/\/aikidochatou.fr\/index.php\/wp-json\/wp\/v2\/pages\/3\/revisions"}],"predecessor-version":[{"id":295,"href":"https:\/\/aikidochatou.fr\/index.php\/wp-json\/wp\/v2\/pages\/3\/revisions\/295"}],"wp:attachment":[{"href":"https:\/\/aikidochatou.fr\/index.php\/wp-json\/wp\/v2\/media?parent=3"}],"curies":[{"name":"wp","href":"https:\/\/api.w.org\/{rel}","templated":true}]}}