{"id":53,"date":"2025-09-25T16:12:37","date_gmt":"2025-09-25T14:12:37","guid":{"rendered":"https:\/\/aikidochatou.fr\/?page_id=53"},"modified":"2025-10-07T16:29:12","modified_gmt":"2025-10-07T14:29:12","slug":"infos-pratiques","status":"publish","type":"page","link":"https:\/\/aikidochatou.fr\/index.php\/infos-pratiques\/","title":{"rendered":"Infos pratiques"},"content":{"rendered":"\n<ul class=\"wp-block-list\">\n<li><strong><u>Quand s&rsquo;inscrire <\/u>:<\/strong><br>&#8211; A la journ\u00e9e des associations ou aux journ\u00e9es portes ouvertes <em>(voir la rubrique Actualit\u00e9s)<\/em><br>&#8211; Toute l&rsquo;ann\u00e9e aux jours et heures des cours (avant les cours)<\/li>\n<\/ul>\n\n\n\n<ul class=\"wp-block-list\">\n<li><strong><u>Dossier d&rsquo;adh\u00e9sion<\/u> :<\/strong><br>&#8211; une fiche d&rsquo;adh\u00e9sion compl\u00e9t\u00e9e (pour les mineurs, ne pas oublier la signature parentale)<br>&#8211; 1 Photo<br>&#8211; Pour une premi\u00e8re adh\u00e9sion :<br> fournir un certificat m\u00e9dical de non-contre indication \u00e0 la pratique de l\u2019A\u00efkita\u00efso ou de l\u2019A\u00efkido y compris en comp\u00e9tition.<br>\u00a0&#8211; pour une r\u00e9 adh\u00e9sion :<br> Si votre certificat m\u00e9dical\u00a0date de\u00a0moins de 3 ans il n&rsquo;est pas n\u00e9cessaire de le renouveler \u00e0 condition de r\u00e9pondre au <strong><a href=\"https:\/\/drive.google.com\/file\/d\/1yRLZr234b20cTLdRiE6QPHN46rrTyy7q\/view?usp=sharing\">questionnaire de sant\u00e9\u00a0adultes<\/a><\/strong><br>Pour les mineurs, les parents doivent simplement remplir le <a href=\"https:\/\/drive.google.com\/file\/d\/1G9I6ep42LSzL-sEW4fMSjc1kUH8ygPX-\/view?usp=sharing\"><strong>questionnaire de sant\u00e9 mineurs<\/strong><\/a><br>&#8211; la cotisation <strong>: <\/strong>si paiement en 2 ou 3 fois, \u00e9tablir les ch\u00e8ques avec la date d\u2019encaissement au dos.<\/li>\n<\/ul>\n\n\n\n<ul class=\"wp-block-list\">\n<li><strong><u>Cours d&rsquo;essai <\/u>:<\/strong><br>&#8211; Les cours d&rsquo;essai sont possibles sans certificat m\u00e9dical <strong>les journ\u00e9es portes ouvertes<\/strong> pr\u00e9cis\u00e9es dans la rubrique \u00ab\u00a0Actualit\u00e9s\u00a0\u00bb<br>&#8211; En dehors des journ\u00e9es portes ouvertes, un certificat m\u00e9dical est demand\u00e9.<\/li>\n<\/ul>\n\n\n\n<ul class=\"wp-block-list\">\n<li><strong> <u>\u00c9quipement <\/u>:<\/strong><br>\u00a0&#8211; <em>un keikogi ou kimono<\/em> (type judo ou karat\u00e9)<br>pour une 1\u00e8re s\u00e9ance un surv\u00eatement<br>\u00a0&#8211; <em>une paire de zooris<\/em> (mules ou tongues) pour se d\u00e9placer des vestiaires au dojo<br>\u00a0&#8211; <em>un sabre en bois (bokken) et un b\u00e2ton (jo)<\/em><br>Pour une premi\u00e8re inscription, le club met \u00e0 disposition des nouveaux adh\u00e9rents le bokken et le jo<\/li>\n<\/ul>\n\n\n\n<ul class=\"wp-block-list\">\n<li style=\"margin-right:0;margin-left:0\"><strong><u> Tarifs <\/u> Horaires &#8211; <\/strong><a href=\"https:\/\/aikidochatou.fr\/index.php\/les-cours\/\" data-type=\"page\" data-id=\"55\"><mark style=\"background-color:rgba(0, 0, 0, 0);color:#9b51e0\" class=\"has-inline-color\">ICI<\/mark><\/a><\/li>\n<\/ul>\n\n\n\n<p id=\"block-9a45d727-5255-4e94-840b-7756f5f841e8\" style=\"padding-right:2.8rem;padding-left:2.8rem;font-size:16px\"><\/p>\n\n\n\n<p><\/p>\n\n\n\n<p><\/p>\n","protected":false},"excerpt":{"rendered":"","protected":false},"author":1,"featured_media":0,"parent":0,"menu_order":0,"comment_status":"closed","ping_status":"closed","template":"","meta":{"_uag_custom_page_level_css":"","site-sidebar-layout":"default","site-content-layout":"","ast-site-content-layout":"","site-content-style":"default","site-sidebar-style":"default","ast-global-header-display":"","ast-banner-title-visibility":"","ast-main-header-display":"","ast-hfb-above-header-display":"","ast-hfb-below-header-display":"","ast-hfb-mobile-header-display":"","site-post-title":"disabled","ast-breadcrumbs-content":"","ast-featured-img":"","footer-sml-layout":"","theme-transparent-header-meta":"","adv-header-id-meta":"","stick-header-meta":"","header-above-stick-meta":"","header-main-stick-meta":"","header-below-stick-meta":"","astra-migrate-meta-layouts":"default","ast-page-background-enabled":"default","ast-page-background-meta":{"desktop":{"background-color":"var(--ast-global-color-5)","background-image":"","background-repeat":"repeat","background-position":"center center","background-size":"auto","background-attachment":"scroll","background-type":"","background-media":"","overlay-type":"","overlay-color":"","overlay-opacity":"","overlay-gradient":""},"tablet":{"background-color":"","background-image":"","background-repeat":"repeat","background-position":"center center","background-size":"auto","background-attachment":"scroll","background-type":"","background-media":"","overlay-type":"","overlay-color":"","overlay-opacity":"","overlay-gradient":""},"mobile":{"background-color":"","background-image":"","background-repeat":"repeat","background-position":"center center","background-size":"auto","background-attachment":"scroll","background-type":"","background-media":"","overlay-type":"","overlay-color":"","overlay-opacity":"","overlay-gradient":""}},"ast-content-background-meta":{"desktop":{"background-color":"var(--ast-global-color-4)","background-image":"","background-repeat":"repeat","background-position":"center center","background-size":"auto","background-attachment":"scroll","background-type":"","background-media":"","overlay-type":"","overlay-color":"","overlay-opacity":"","overlay-gradient":""},"tablet":{"background-color":"var(--ast-global-color-4)","background-image":"","background-repeat":"repeat","background-position":"center center","background-size":"auto","background-attachment":"scroll","background-type":"","background-media":"","overlay-type":"","overlay-color":"","overlay-opacity":"","overlay-gradient":""},"mobile":{"background-color":"var(--ast-global-color-4)","background-image":"","background-repeat":"repeat","background-position":"center center","background-size":"auto","background-attachment":"scroll","background-type":"","background-media":"","overlay-type":"","overlay-color":"","overlay-opacity":"","overlay-gradient":""}},"footnotes":""},"class_list":["post-53","page","type-page","status-publish","hentry"],"uagb_featured_image_src":{"full":false,"thumbnail":false,"medium":false,"medium_large":false,"large":false,"1536x1536":false,"2048x2048":false},"uagb_author_info":{"display_name":"Admin Aikikai Chatou","author_link":"https:\/\/aikidochatou.fr\/index.php\/author\/admin1214\/"},"uagb_comment_info":0,"uagb_excerpt":null,"_links":{"self":[{"href":"https:\/\/aikidochatou.fr\/index.php\/wp-json\/wp\/v2\/pages\/53","targetHints":{"allow":["GET"]}}],"collection":[{"href":"https:\/\/aikidochatou.fr\/index.php\/wp-json\/wp\/v2\/pages"}],"about":[{"href":"https:\/\/aikidochatou.fr\/index.php\/wp-json\/wp\/v2\/types\/page"}],"author":[{"embeddable":true,"href":"https:\/\/aikidochatou.fr\/index.php\/wp-json\/wp\/v2\/users\/1"}],"replies":[{"embeddable":true,"href":"https:\/\/aikidochatou.fr\/index.php\/wp-json\/wp\/v2\/comments?post=53"}],"version-history":[{"count":6,"href":"https:\/\/aikidochatou.fr\/index.php\/wp-json\/wp\/v2\/pages\/53\/revisions"}],"predecessor-version":[{"id":311,"href":"https:\/\/aikidochatou.fr\/index.php\/wp-json\/wp\/v2\/pages\/53\/revisions\/311"}],"wp:attachment":[{"href":"https:\/\/aikidochatou.fr\/index.php\/wp-json\/wp\/v2\/media?parent=53"}],"curies":[{"name":"wp","href":"https:\/\/api.w.org\/{rel}","templated":true}]}}