{"id":55,"date":"2025-09-25T17:59:01","date_gmt":"2025-09-25T15:59:01","guid":{"rendered":"https:\/\/aikidochatou.fr\/?page_id=55"},"modified":"2025-10-23T18:38:52","modified_gmt":"2025-10-23T16:38:52","slug":"les-cours","status":"publish","type":"page","link":"https:\/\/aikidochatou.fr\/index.php\/les-cours\/","title":{"rendered":"Horaires \/ Tarifs 2025"},"content":{"rendered":"\n<h3 class=\"wp-block-heading\">Horaires des cours<\/h3>\n\n\n\n<figure class=\"wp-block-table aligncenter\"><table class=\"has-fixed-layout\"><tbody><tr><td class=\"has-text-align-center\" data-align=\"center\" colspan=\"3\"><strong>Cours Adultes et Jeunes \u00e0 partir de 12 ans<\/strong><\/td><\/tr><tr><td class=\"has-text-align-center\" data-align=\"center\"><strong>Jour<\/strong><\/td><td><strong>Horaires<\/strong><\/td><td><strong>Lieu<\/strong><\/td><\/tr><tr><td class=\"has-text-align-center\" data-align=\"center\"><strong>Lundi<\/strong><br><br>&nbsp;<br><br><br><strong>Jeudi<\/strong><\/td><td>18h15-19h15 : <strong>A\u00efki Ta\u00efso<\/strong><br><br>19h30-21h00 : A\u00efkido tous niveaux<br>21h00-22h00 : A\u00efkido avanc\u00e9s<br><br><br>18h30-19h30 : A\u00efkido armes tous niveaux<br><br>19h30-21h00 : A\u00efkido tous niveaux<br>21h00-22h00 : <strong>A\u00efkido avanc\u00e9s&nbsp;<\/strong><\/td><td>&nbsp;<br>Gymnase Roger CORBIN<br>80 rue Auguste Renoir<br>78400 CHATOU<br><\/td><\/tr><tr><td class=\"has-text-align-center\" data-align=\"center\"><br><strong>Mercredi<\/strong><br><br><br><strong>Samedi <\/strong><br>Ouvert aux pratiquants ext\u00e9rieurs<br><\/td><td><br>10h00-11h30 : A\u00efkido avanc\u00e9s<br>12h00-13h30 : A\u00efkido tous niveaux<br><br>09h30-12h00 : <strong>A\u00efkido avanc\u00e9s<\/strong><br>ouvert \u00e0 tous licenci\u00e9s FFAB 1er Kyu et plus<br><\/td><td>Complexe sportif Marie MARVINGT<br>\u00cele des Impressionnistes<br>78400 CHATOU<\/td><\/tr><\/tbody><\/table><\/figure>\n\n\n\n<h3 class=\"wp-block-heading\">Tarifs &#8211; adh\u00e9sion 2025<\/h3>\n\n\n\n<figure style=\"padding-right:2.8rem;padding-left:2.8rem\" class=\"wp-block-table\"><table class=\"has-fixed-layout\"><tbody><tr><td><strong>Jeunes 12-17ans<\/strong><br><strong>Etudiants<\/strong><\/td><td><strong>Adultes d\u00e9butants<\/strong><br><strong>(1\u00e8re ann\u00e9e)<\/strong><\/td><td><strong>Adultes<\/strong> <strong>avanc\u00e9s<\/strong><\/td><td><strong>A\u00efkita\u00efso<\/strong><\/td><\/tr><tr><td>230 euros<\/td><td>260 euros<\/td><td><br>360 euros<br><\/td><td>115 euros<\/td><\/tr><\/tbody><\/table><\/figure>\n\n\n\n<div class=\"wp-block-uagb-info-box uagb-block-b71c2bd7 uagb-infobox__content-wrap  uagb-infobox-icon-above-title uagb-infobox-image-valign-top\"><div class=\"uagb-ifb-content\"><div class=\"uagb-ifb-icon-wrap\"><svg xmlns=\"https:\/\/www.w3.org\/2000\/svg\" viewBox=\"0 0 512 512\"><path d=\"M0 256C0 114.6 114.6 0 256 0C397.4 0 512 114.6 512 256C512 397.4 397.4 512 256 512C114.6 512 0 397.4 0 256zM371.8 211.8C382.7 200.9 382.7 183.1 371.8 172.2C360.9 161.3 343.1 161.3 332.2 172.2L224 280.4L179.8 236.2C168.9 225.3 151.1 225.3 140.2 236.2C129.3 247.1 129.3 264.9 140.2 275.8L204.2 339.8C215.1 350.7 232.9 350.7 243.8 339.8L371.8 211.8z\"><\/path><\/svg><\/div><div class=\"uagb-ifb-title-wrap\"><h3 class=\"uagb-ifb-title\">Information <\/h3><\/div><p class=\"uagb-ifb-desc\">R\u00e9duction pour les familles : -10% pour le 2e inscrit et -20% pour le 3e.<br>Pensez \u00e0 nous demander une attestation de paiement&nbsp;pour votre CE.<br><strong>NB:<\/strong> pour les adh\u00e9sions en cours d&rsquo;ann\u00e9e le montant de la cotisation est calcul\u00e9 au prorata temporis.<\/p><\/div><\/div>\n\n\n\n<p class=\"has-text-align-center\"><strong>Gymnase Roger CORBIN<\/strong><\/p>\n\n\n\t\t\t<div \n\t\t\tclass=\"wp-block-uagb-google-map uagb-google-map__wrap uagb-block-ffadf2f5     \"\n\t\t\tstyle=\"\" >\n\t\t\t\t<embed\n\t\t\t\t\tclass=\"uagb-google-map__iframe\"\n\t\t\t\t\ttitle=\"Carte Google pour \"\n\t\t\t\t\tsrc=\"https:\/\/maps.google.com\/maps?q=80%20Rue%20Auguste%20Renoir%2C%2078400%20Chatou&#038;z=12&#038;hl=en&#038;t=m&#038;output=embed&#038;iwloc=near\"\n\t\t\t\t\twidth=\"640\"\n\t\t\t\t\theight=\"300\"\n\t\t\t\t\tloading=\"lazy\"\n\t\t\t\t><\/embed>\n\t\t\t<\/div>\n\t\t\t\n\n\n<p><\/p>\n","protected":false},"excerpt":{"rendered":"<p>Horaires des cours Cours Adultes et Jeunes \u00e0 partir de 12 ans Jour Horaires Lieu Lundi &nbsp; Jeudi 18h15-19h15 : A\u00efki Ta\u00efso 19h30-21h00 : A\u00efkido tous niveaux21h00-22h00 : A\u00efkido avanc\u00e9s 18h30-19h30 : A\u00efkido armes tous niveaux 19h30-21h00 : A\u00efkido tous niveaux21h00-22h00 : A\u00efkido avanc\u00e9s&nbsp; &nbsp;Gymnase Roger CORBIN80 rue Auguste Renoir78400 CHATOU Mercredi Samedi Ouvert aux [&hellip;]<\/p>\n","protected":false},"author":1,"featured_media":0,"parent":0,"menu_order":-1,"comment_status":"closed","ping_status":"closed","template":"","meta":{"_uag_custom_page_level_css":"","site-sidebar-layout":"default","site-content-layout":"","ast-site-content-layout":"","site-content-style":"default","site-sidebar-style":"default","ast-global-header-display":"","ast-banner-title-visibility":"","ast-main-header-display":"","ast-hfb-above-header-display":"","ast-hfb-below-header-display":"","ast-hfb-mobile-header-display":"","site-post-title":"disabled","ast-breadcrumbs-content":"","ast-featured-img":"","footer-sml-layout":"","theme-transparent-header-meta":"","adv-header-id-meta":"","stick-header-meta":"","header-above-stick-meta":"","header-main-stick-meta":"","header-below-stick-meta":"","astra-migrate-meta-layouts":"default","ast-page-background-enabled":"default","ast-page-background-meta":{"desktop":{"background-color":"var(--ast-global-color-5)","background-image":"","background-repeat":"repeat","background-position":"center center","background-size":"auto","background-attachment":"scroll","background-type":"","background-media":"","overlay-type":"","overlay-color":"","overlay-opacity":"","overlay-gradient":""},"tablet":{"background-color":"","background-image":"","background-repeat":"repeat","background-position":"center center","background-size":"auto","background-attachment":"scroll","background-type":"","background-media":"","overlay-type":"","overlay-color":"","overlay-opacity":"","overlay-gradient":""},"mobile":{"background-color":"","background-image":"","background-repeat":"repeat","background-position":"center center","background-size":"auto","background-attachment":"scroll","background-type":"","background-media":"","overlay-type":"","overlay-color":"","overlay-opacity":"","overlay-gradient":""}},"ast-content-background-meta":{"desktop":{"background-color":"var(--ast-global-color-4)","background-image":"","background-repeat":"repeat","background-position":"center center","background-size":"auto","background-attachment":"scroll","background-type":"","background-media":"","overlay-type":"","overlay-color":"","overlay-opacity":"","overlay-gradient":""},"tablet":{"background-color":"var(--ast-global-color-4)","background-image":"","background-repeat":"repeat","background-position":"center center","background-size":"auto","background-attachment":"scroll","background-type":"","background-media":"","overlay-type":"","overlay-color":"","overlay-opacity":"","overlay-gradient":""},"mobile":{"background-color":"var(--ast-global-color-4)","background-image":"","background-repeat":"repeat","background-position":"center center","background-size":"auto","background-attachment":"scroll","background-type":"","background-media":"","overlay-type":"","overlay-color":"","overlay-opacity":"","overlay-gradient":""}},"footnotes":""},"class_list":["post-55","page","type-page","status-publish","hentry"],"uagb_featured_image_src":{"full":false,"thumbnail":false,"medium":false,"medium_large":false,"large":false,"1536x1536":false,"2048x2048":false},"uagb_author_info":{"display_name":"Admin Aikikai Chatou","author_link":"https:\/\/aikidochatou.fr\/index.php\/author\/admin1214\/"},"uagb_comment_info":0,"uagb_excerpt":"Horaires des cours Cours Adultes et Jeunes \u00e0 partir de 12 ans Jour Horaires Lieu Lundi &nbsp; Jeudi 18h15-19h15 : A\u00efki Ta\u00efso 19h30-21h00 : A\u00efkido tous niveaux21h00-22h00 : A\u00efkido avanc\u00e9s 18h30-19h30 : A\u00efkido armes tous niveaux 19h30-21h00 : A\u00efkido tous niveaux21h00-22h00 : A\u00efkido avanc\u00e9s&nbsp; &nbsp;Gymnase Roger CORBIN80 rue Auguste Renoir78400 CHATOU Mercredi Samedi Ouvert aux\u2026","_links":{"self":[{"href":"https:\/\/aikidochatou.fr\/index.php\/wp-json\/wp\/v2\/pages\/55","targetHints":{"allow":["GET"]}}],"collection":[{"href":"https:\/\/aikidochatou.fr\/index.php\/wp-json\/wp\/v2\/pages"}],"about":[{"href":"https:\/\/aikidochatou.fr\/index.php\/wp-json\/wp\/v2\/types\/page"}],"author":[{"embeddable":true,"href":"https:\/\/aikidochatou.fr\/index.php\/wp-json\/wp\/v2\/users\/1"}],"replies":[{"embeddable":true,"href":"https:\/\/aikidochatou.fr\/index.php\/wp-json\/wp\/v2\/comments?post=55"}],"version-history":[{"count":10,"href":"https:\/\/aikidochatou.fr\/index.php\/wp-json\/wp\/v2\/pages\/55\/revisions"}],"predecessor-version":[{"id":374,"href":"https:\/\/aikidochatou.fr\/index.php\/wp-json\/wp\/v2\/pages\/55\/revisions\/374"}],"wp:attachment":[{"href":"https:\/\/aikidochatou.fr\/index.php\/wp-json\/wp\/v2\/media?parent=55"}],"curies":[{"name":"wp","href":"https:\/\/api.w.org\/{rel}","templated":true}]}}