{"id":59,"date":"2025-10-06T10:54:55","date_gmt":"2025-10-06T08:54:55","guid":{"rendered":"https:\/\/aikidochatou.fr\/?page_id=59"},"modified":"2025-10-30T12:07:42","modified_gmt":"2025-10-30T11:07:42","slug":"les-enseignants","status":"publish","type":"page","link":"https:\/\/aikidochatou.fr\/index.php\/les-enseignants\/","title":{"rendered":"Les enseignants"},"content":{"rendered":"\n<h2 class=\"wp-block-heading has-text-align-center has-x-large-font-size\">Les enseignants<\/h2>\n\n\n\n<div class=\"wp-block-uagb-image uagb-block-34189e11 wp-block-uagb-image--layout-default wp-block-uagb-image--effect-static wp-block-uagb-image--align-none\"><figure class=\"wp-block-uagb-image__figure\"><img decoding=\"async\" srcset=\"https:\/\/aikidochatou.fr\/wp-content\/uploads\/2025\/09\/DSC_0511-scaled-e1758808980937-1014x1024.jpg ,https:\/\/aikidochatou.fr\/wp-content\/uploads\/2025\/09\/DSC_0511-scaled-e1758808980937.jpg 780w, https:\/\/aikidochatou.fr\/wp-content\/uploads\/2025\/09\/DSC_0511-scaled-e1758808980937.jpg 360w\" sizes=\"auto, (max-width: 480px) 150px\" src=\"https:\/\/aikidochatou.fr\/wp-content\/uploads\/2025\/09\/DSC_0511-scaled-e1758808980937-1014x1024.jpg\" alt=\"\" class=\"uag-image-104\" width=\"572\" height=\"578\" title=\"enseignants\" loading=\"lazy\" role=\"img\"\/><\/figure><\/div>\n\n\n\n<div class=\"wp-block-uagb-slider uagb-block-ccfb1a9f uagb-slider-container\"><div class=\"uagb-slides uagb-swiper\"><div class=\"swiper-wrapper\">\n<div class=\"wp-block-uagb-slider-child uagb-slider-child-wrap swiper-slide uagb-block-f2844859\"><div class=\"swiper-content\">\n<div class=\"wp-block-uagb-container uagb-block-f7c860f9 alignfull uagb-is-root-container\"><div class=\"uagb-container-inner-blocks-wrap\">\n<div class=\"wp-block-uagb-image uagb-block-1a99e6be wp-block-uagb-image--layout-default wp-block-uagb-image--effect-static wp-block-uagb-image--align-none\"><figure class=\"wp-block-uagb-image__figure\"><img decoding=\"async\" srcset=\"https:\/\/aikidochatou.fr\/wp-content\/uploads\/2025\/09\/DSC_0453-scaled-e1758800272347-850x1024.jpg ,https:\/\/aikidochatou.fr\/wp-content\/uploads\/2025\/09\/DSC_0453-scaled-e1758800272347.jpg 780w, https:\/\/aikidochatou.fr\/wp-content\/uploads\/2025\/09\/DSC_0453-scaled-e1758800272347.jpg 360w\" sizes=\"auto, (max-width: 480px) 150px\" src=\"https:\/\/aikidochatou.fr\/wp-content\/uploads\/2025\/09\/DSC_0453-scaled-e1758800272347-850x1024.jpg\" alt=\"Thierry Le Run - enseignant Aikido FFAB - ile de France Yvelines Chatou 5 eme DAN - CQP\" class=\"uag-image-96\" width=\"262\" height=\"316\" title=\"Thierry Le Run - enseignant Aikido FFAB\" loading=\"lazy\" role=\"img\"\/><\/figure><\/div>\n\n\n\n<div class=\"wp-block-uagb-info-box uagb-block-48c37f85 uagb-infobox__content-wrap  uagb-infobox-icon-above-title uagb-infobox-image-valign-top\"><div class=\"uagb-ifb-content\"><div class=\"uagb-ifb-title-wrap\"><h3 class=\"uagb-ifb-title\">Thierry LE RUN &#8211; 5\u00e8me DAN AIKIKAI<\/h3><\/div><p class=\"uagb-ifb-desc\">Formation &#8211; CQP<br>professeur b\u00e9n\u00e9vole<\/p><div class=\"uagb-ifb-button-wrapper wp-block-button\"><a href=\"#\" class=\"uagb-infobox-cta-link wp-block-button__link\" target=\"_self\" rel=\"noopener noreferrer\" onclick=\"return false;\"><span class=\"uagb-inline-editing\">En savoir Plus <\/span><\/a><\/div><\/div><\/div>\n<\/div><\/div>\n<\/div><\/div>\n\n\n\n<div class=\"wp-block-uagb-slider-child uagb-slider-child-wrap swiper-slide uagb-block-6fa26704\"><div class=\"swiper-content\">\n<div class=\"wp-block-uagb-container uagb-block-874e13ab alignfull uagb-is-root-container\"><div class=\"uagb-container-inner-blocks-wrap\">\n<div class=\"wp-block-uagb-image uagb-block-5b5c0976 wp-block-uagb-image--layout-default wp-block-uagb-image--effect-static wp-block-uagb-image--align-none\"><figure class=\"wp-block-uagb-image__figure\"><img decoding=\"async\" srcset=\"https:\/\/aikidochatou.fr\/wp-content\/uploads\/2025\/10\/DSC_0486-scaled-e1760184952101-855x1024.jpg ,https:\/\/aikidochatou.fr\/wp-content\/uploads\/2025\/10\/DSC_0486-scaled-e1760184952101.jpg 780w, https:\/\/aikidochatou.fr\/wp-content\/uploads\/2025\/10\/DSC_0486-scaled-e1760184952101.jpg 360w\" sizes=\"auto, (max-width: 480px) 150px\" src=\"https:\/\/aikidochatou.fr\/wp-content\/uploads\/2025\/10\/DSC_0486-scaled-e1760184952101-855x1024.jpg\" alt=\"\" class=\"uag-image-338\" width=\"272\" height=\"326\" title=\"DSC_0486\" loading=\"lazy\" role=\"img\"\/><\/figure><\/div>\n\n\n\n<div class=\"wp-block-uagb-info-box uagb-block-e531492f uagb-infobox__content-wrap  uagb-infobox-icon-above-title uagb-infobox-image-valign-top\"><div class=\"uagb-ifb-content\"><div class=\"uagb-ifb-title-wrap\"><h3 class=\"uagb-ifb-title\">Arnaud FULGENCE &#8211; 5\u00e8me DAN CSDGE<\/h3><\/div><p class=\"uagb-ifb-desc\">Formation &#8211; CQP<br>Professeur b\u00e9n\u00e9vole<\/p><div class=\"uagb-ifb-button-wrapper wp-block-button\"><a href=\"#\" class=\"uagb-infobox-cta-link wp-block-button__link\" target=\"_self\" rel=\"noopener noreferrer\" onclick=\"return false;\"><span class=\"uagb-inline-editing\">En savoir plus <\/span><\/a><\/div><\/div><\/div>\n<\/div><\/div>\n<\/div><\/div>\n\n\n\n<div class=\"wp-block-uagb-slider-child uagb-slider-child-wrap swiper-slide uagb-block-6e9cec2b\"><div class=\"swiper-content\">\n<div class=\"wp-block-uagb-container uagb-block-0376cce9 alignfull uagb-is-root-container\"><div class=\"uagb-container-inner-blocks-wrap\">\n<p>Sandrine CAZEAU &#8211; 3\u00e8me DAN &#8211; Brevet F\u00e9d\u00e9ral FFAB <\/p>\n\n\n\n<p>Bekkay Nahri &#8211; 5eme DAN &#8211; Brevet F\u00e9d\u00e9ral FFAB  ( Intervenant du Club de Sartrouville )<\/p>\n<\/div><\/div>\n<\/div><\/div>\n<\/div><\/div><div class=\"swiper-pagination\"><\/div><div class=\"swiper-button-prev\"><\/div><div class=\"swiper-button-next\"><\/div><\/div>\n\n\n\n<p><\/p>\n","protected":false},"excerpt":{"rendered":"<p>Les enseignants<\/p>\n","protected":false},"author":1,"featured_media":0,"parent":0,"menu_order":0,"comment_status":"closed","ping_status":"closed","template":"","meta":{"_uag_custom_page_level_css":"","site-sidebar-layout":"default","site-content-layout":"","ast-site-content-layout":"","site-content-style":"default","site-sidebar-style":"default","ast-global-header-display":"","ast-banner-title-visibility":"","ast-main-header-display":"","ast-hfb-above-header-display":"","ast-hfb-below-header-display":"","ast-hfb-mobile-header-display":"","site-post-title":"disabled","ast-breadcrumbs-content":"","ast-featured-img":"","footer-sml-layout":"","theme-transparent-header-meta":"","adv-header-id-meta":"","stick-header-meta":"","header-above-stick-meta":"","header-main-stick-meta":"","header-below-stick-meta":"","astra-migrate-meta-layouts":"default","ast-page-background-enabled":"default","ast-page-background-meta":{"desktop":{"background-color":"var(--ast-global-color-5)","background-image":"","background-repeat":"repeat","background-position":"center center","background-size":"auto","background-attachment":"scroll","background-type":"","background-media":"","overlay-type":"","overlay-color":"","overlay-opacity":"","overlay-gradient":""},"tablet":{"background-color":"","background-image":"","background-repeat":"repeat","background-position":"center center","background-size":"auto","background-attachment":"scroll","background-type":"","background-media":"","overlay-type":"","overlay-color":"","overlay-opacity":"","overlay-gradient":""},"mobile":{"background-color":"","background-image":"","background-repeat":"repeat","background-position":"center center","background-size":"auto","background-attachment":"scroll","background-type":"","background-media":"","overlay-type":"","overlay-color":"","overlay-opacity":"","overlay-gradient":""}},"ast-content-background-meta":{"desktop":{"background-color":"var(--ast-global-color-4)","background-image":"","background-repeat":"repeat","background-position":"center center","background-size":"auto","background-attachment":"scroll","background-type":"","background-media":"","overlay-type":"","overlay-color":"","overlay-opacity":"","overlay-gradient":""},"tablet":{"background-color":"var(--ast-global-color-4)","background-image":"","background-repeat":"repeat","background-position":"center center","background-size":"auto","background-attachment":"scroll","background-type":"","background-media":"","overlay-type":"","overlay-color":"","overlay-opacity":"","overlay-gradient":""},"mobile":{"background-color":"var(--ast-global-color-4)","background-image":"","background-repeat":"repeat","background-position":"center center","background-size":"auto","background-attachment":"scroll","background-type":"","background-media":"","overlay-type":"","overlay-color":"","overlay-opacity":"","overlay-gradient":""}},"footnotes":""},"class_list":["post-59","page","type-page","status-publish","hentry"],"uagb_featured_image_src":{"full":false,"thumbnail":false,"medium":false,"medium_large":false,"large":false,"1536x1536":false,"2048x2048":false},"uagb_author_info":{"display_name":"Admin Aikikai Chatou","author_link":"https:\/\/aikidochatou.fr\/index.php\/author\/admin1214\/"},"uagb_comment_info":0,"uagb_excerpt":"Les enseignants","_links":{"self":[{"href":"https:\/\/aikidochatou.fr\/index.php\/wp-json\/wp\/v2\/pages\/59","targetHints":{"allow":["GET"]}}],"collection":[{"href":"https:\/\/aikidochatou.fr\/index.php\/wp-json\/wp\/v2\/pages"}],"about":[{"href":"https:\/\/aikidochatou.fr\/index.php\/wp-json\/wp\/v2\/types\/page"}],"author":[{"embeddable":true,"href":"https:\/\/aikidochatou.fr\/index.php\/wp-json\/wp\/v2\/users\/1"}],"replies":[{"embeddable":true,"href":"https:\/\/aikidochatou.fr\/index.php\/wp-json\/wp\/v2\/comments?post=59"}],"version-history":[{"count":10,"href":"https:\/\/aikidochatou.fr\/index.php\/wp-json\/wp\/v2\/pages\/59\/revisions"}],"predecessor-version":[{"id":411,"href":"https:\/\/aikidochatou.fr\/index.php\/wp-json\/wp\/v2\/pages\/59\/revisions\/411"}],"wp:attachment":[{"href":"https:\/\/aikidochatou.fr\/index.php\/wp-json\/wp\/v2\/media?parent=59"}],"curies":[{"name":"wp","href":"https:\/\/api.w.org\/{rel}","templated":true}]}}