{"id":68,"date":"2025-09-25T12:05:20","date_gmt":"2025-09-25T10:05:20","guid":{"rendered":"https:\/\/aikidochatou.fr\/?page_id=68"},"modified":"2025-10-20T16:51:17","modified_gmt":"2025-10-20T14:51:17","slug":"inscriptions","status":"publish","type":"page","link":"https:\/\/aikidochatou.fr\/index.php\/inscriptions\/","title":{"rendered":"Inscriptions"},"content":{"rendered":"\n<p><strong>Fiche d&rsquo;inscription \u00e0<mark style=\"background-color:rgba(0, 0, 0, 0);color:#9b51e0\" class=\"has-inline-color\"> <\/mark><a href=\"https:\/\/drive.google.com\/file\/d\/1HUXD33JsDeS_DaVYZxTmAcagqyPgzIcv\/view\" data-type=\"link\" data-id=\"https:\/\/drive.google.com\/file\/d\/1HUXD33JsDeS_DaVYZxTmAcagqyPgzIcv\/view\" target=\"_blank\" rel=\"noreferrer noopener\">t\u00e9l\u00e9charger<\/a><mark style=\"background-color:rgba(0, 0, 0, 0);color:#9b51e0\" class=\"has-inline-color\"> <\/mark><\/strong><br><\/p>\n\n\n\n<p>L&rsquo;inscription au club d&rsquo;a\u00efkido de Chatou comprend le prix des cours pendant toute la saison sportive de septembre \u00e0 juin et la licence f\u00e9d\u00e9rale valable de septembre au 15 octobre de l&rsquo;ann\u00e9e suivante. La licence f\u00e9d\u00e9rale inclue l&rsquo;assurance, elle permet aux pratiquants de se pr\u00e9senter aux examens et d&rsquo;effectuer des stages ou de pratiquer dans d&rsquo;autres dojos appartenant \u00e0 la FFAB.<br><\/p>\n\n\n\n<p><strong>Pour une premi\u00e8re adh\u00e9sion fournir :<\/strong><br>&#8211; une photo d&rsquo;identit\u00e9 <br>&#8211; un certificat m\u00e9dical de non-contre indication \u00e0 la pratique de l\u2019A\u00efkita\u00efso ou de l\u2019A\u00efkido y compris en comp\u00e9tition datant de<strong> moins d&rsquo;un an<\/strong>.<br> Pour les mineurs, les parents doivent simplement remplir le <a href=\"https:\/\/drive.google.com\/file\/d\/1G9I6ep42LSzL-sEW4fMSjc1kUH8ygPX-\/view?usp=sharing\" target=\"_blank\" rel=\"noreferrer noopener\"><strong><mark style=\"background-color:rgba(0, 0, 0, 0);color:#9b51e0\" class=\"has-inline-color\">questionnaire de sant\u00e9 mineurs<\/mark><\/strong><\/a><br>&#8211; la fiche d&rsquo;adh\u00e9sion compl\u00e9t\u00e9e (pour les mineurs, ne pas oublier la signature parentale) \u00e0 transmettre par le formulaire de contact <br>&#8211; le r\u00e8glement de la cotisation, HelloAsso, Virement <br><br><strong>\u00a0Pour une r\u00e9-adh\u00e9sion fournir :<\/strong><br>&#8211; un certificat si celui du licenci\u00e9 arrive \u00e0 la fin de la p\u00e9riode de validit\u00e9 de 3 ans ou si le licenci\u00e9 \u00e0 r\u00e9pondu \u00ab\u00a0OUI\u00a0\u00bb \u00e0 au moins une r\u00e9ponse au <strong><a href=\"https:\/\/drive.google.com\/file\/d\/1yRLZr234b20cTLdRiE6QPHN46rrTyy7q\/view?usp=sharing\" target=\"_blank\" rel=\"noreferrer noopener\"><mark style=\"background-color:rgba(0, 0, 0, 0);color:#9b51e0\" class=\"has-inline-color\">questionnaire de sant\u00e9\u00a0adultes<\/mark><\/a><\/strong><br>&#8211; le r\u00e8glement de la cotisation, HelloAsso, Virement ou ch\u00e8que <strong>: <\/strong>si paiement en 2 ou 3 fois, \u00e9tablir les ch\u00e8ques avec la date d\u2019encaissement au dos.<\/p>\n\n\n\n<div class=\"wp-block-uagb-call-to-action uagb-block-07391378\"><div class=\"uagb-cta__wrap\"><h3 class=\"uagb-cta__title\">Adh\u00e9rez en ligne avec HelloAsso<\/h3><p class=\"uagb-cta__desc\">Choisissez votre type de cotisation et votre mode de r\u00e8glement avec HelloAsso <\/p><\/div><div class=\"uagb-cta__buttons\"><a href=\"https:\/\/www.helloasso.com\/associations\/aikikai-de-chatou\/adhesions\/2025-2026\/widget-bouton\" class=\"uagb-cta__button-link-wrapper\" target=\"_blank\" rel=\"noopener noreferrer\"><\/a><\/div><\/div>\n\n\n\n<p><iframe id=\"haWidget\" allowtransparency=\"true\" src=\"https:\/\/www.helloasso.com\/associations\/aikikai-de-chatou\/adhesions\/2025-2026\/widget-bouton\" style=\"width: 100%; height: 70px; border: none;\" onload=\"window.addEventListener( 'message', e => { const dataHeight = e.data.height; const haWidgetElement = document.getElementById(&lsquo;haWidget&rsquo;); haWidgetElement.height = dataHeight + &lsquo;px&rsquo;; } )\u00a0\u00bb><\/iframe><\/p>\n","protected":false},"excerpt":{"rendered":"<p>Fiche d&rsquo;inscription \u00e0 t\u00e9l\u00e9charger L&rsquo;inscription au club d&rsquo;a\u00efkido de Chatou comprend le prix des cours pendant toute la saison sportive de septembre \u00e0 juin et la licence f\u00e9d\u00e9rale valable de septembre au 15 octobre de l&rsquo;ann\u00e9e suivante. La licence f\u00e9d\u00e9rale inclue l&rsquo;assurance, elle permet aux pratiquants de se pr\u00e9senter aux examens et d&rsquo;effectuer des stages [&hellip;]<\/p>\n","protected":false},"author":1,"featured_media":0,"parent":0,"menu_order":0,"comment_status":"closed","ping_status":"closed","template":"","meta":{"_uag_custom_page_level_css":"","site-sidebar-layout":"default","site-content-layout":"","ast-site-content-layout":"","site-content-style":"default","site-sidebar-style":"default","ast-global-header-display":"","ast-banner-title-visibility":"","ast-main-header-display":"","ast-hfb-above-header-display":"","ast-hfb-below-header-display":"","ast-hfb-mobile-header-display":"","site-post-title":"disabled","ast-breadcrumbs-content":"","ast-featured-img":"","footer-sml-layout":"","theme-transparent-header-meta":"","adv-header-id-meta":"","stick-header-meta":"","header-above-stick-meta":"","header-main-stick-meta":"","header-below-stick-meta":"","astra-migrate-meta-layouts":"default","ast-page-background-enabled":"default","ast-page-background-meta":{"desktop":{"background-color":"var(--ast-global-color-5)","background-image":"","background-repeat":"repeat","background-position":"center center","background-size":"auto","background-attachment":"scroll","background-type":"","background-media":"","overlay-type":"","overlay-color":"","overlay-opacity":"","overlay-gradient":""},"tablet":{"background-color":"","background-image":"","background-repeat":"repeat","background-position":"center center","background-size":"auto","background-attachment":"scroll","background-type":"","background-media":"","overlay-type":"","overlay-color":"","overlay-opacity":"","overlay-gradient":""},"mobile":{"background-color":"","background-image":"","background-repeat":"repeat","background-position":"center center","background-size":"auto","background-attachment":"scroll","background-type":"","background-media":"","overlay-type":"","overlay-color":"","overlay-opacity":"","overlay-gradient":""}},"ast-content-background-meta":{"desktop":{"background-color":"var(--ast-global-color-4)","background-image":"","background-repeat":"repeat","background-position":"center center","background-size":"auto","background-attachment":"scroll","background-type":"","background-media":"","overlay-type":"","overlay-color":"","overlay-opacity":"","overlay-gradient":""},"tablet":{"background-color":"var(--ast-global-color-4)","background-image":"","background-repeat":"repeat","background-position":"center center","background-size":"auto","background-attachment":"scroll","background-type":"","background-media":"","overlay-type":"","overlay-color":"","overlay-opacity":"","overlay-gradient":""},"mobile":{"background-color":"var(--ast-global-color-4)","background-image":"","background-repeat":"repeat","background-position":"center center","background-size":"auto","background-attachment":"scroll","background-type":"","background-media":"","overlay-type":"","overlay-color":"","overlay-opacity":"","overlay-gradient":""}},"footnotes":""},"class_list":["post-68","page","type-page","status-publish","hentry"],"uagb_featured_image_src":{"full":false,"thumbnail":false,"medium":false,"medium_large":false,"large":false,"1536x1536":false,"2048x2048":false},"uagb_author_info":{"display_name":"Admin Aikikai Chatou","author_link":"https:\/\/aikidochatou.fr\/index.php\/author\/admin1214\/"},"uagb_comment_info":0,"uagb_excerpt":"Fiche d&rsquo;inscription \u00e0 t\u00e9l\u00e9charger L&rsquo;inscription au club d&rsquo;a\u00efkido de Chatou comprend le prix des cours pendant toute la saison sportive de septembre \u00e0 juin et la licence f\u00e9d\u00e9rale valable de septembre au 15 octobre de l&rsquo;ann\u00e9e suivante. La licence f\u00e9d\u00e9rale inclue l&rsquo;assurance, elle permet aux pratiquants de se pr\u00e9senter aux examens et d&rsquo;effectuer des stages\u2026","_links":{"self":[{"href":"https:\/\/aikidochatou.fr\/index.php\/wp-json\/wp\/v2\/pages\/68","targetHints":{"allow":["GET"]}}],"collection":[{"href":"https:\/\/aikidochatou.fr\/index.php\/wp-json\/wp\/v2\/pages"}],"about":[{"href":"https:\/\/aikidochatou.fr\/index.php\/wp-json\/wp\/v2\/types\/page"}],"author":[{"embeddable":true,"href":"https:\/\/aikidochatou.fr\/index.php\/wp-json\/wp\/v2\/users\/1"}],"replies":[{"embeddable":true,"href":"https:\/\/aikidochatou.fr\/index.php\/wp-json\/wp\/v2\/comments?post=68"}],"version-history":[{"count":23,"href":"https:\/\/aikidochatou.fr\/index.php\/wp-json\/wp\/v2\/pages\/68\/revisions"}],"predecessor-version":[{"id":354,"href":"https:\/\/aikidochatou.fr\/index.php\/wp-json\/wp\/v2\/pages\/68\/revisions\/354"}],"wp:attachment":[{"href":"https:\/\/aikidochatou.fr\/index.php\/wp-json\/wp\/v2\/media?parent=68"}],"curies":[{"name":"wp","href":"https:\/\/api.w.org\/{rel}","templated":true}]}}